{"id":2960,"date":"2025-01-19T20:15:33","date_gmt":"2025-01-19T20:15:33","guid":{"rendered":"https:\/\/schmackofaz.de\/?page_id=2960"},"modified":"2025-11-09T12:50:54","modified_gmt":"2025-11-09T12:50:54","slug":"reisen","status":"publish","type":"page","link":"https:\/\/schmackofaz.de\/?page_id=2960","title":{"rendered":"Reisen"},"content":{"rendered":"\n<p>&#8230; bildet, er\u00f6ffnet neue Horizonte, ist eine Bereicherung. Dies gilt nat\u00fcrlich auch f\u00fcrs Kulinarische, aber auch das Erkunden von Landschaft, von Gewohnheiten der &#8222;Ureinwohner&#8220; und geschichtlich-kulturellen Hintergr\u00fcnden treibt uns an und weg. Alle Jahre wieder und m\u00f6glichst mehrfach.<br>F\u00fcrs Einfach-mal-rauskommen steht seit November 2024 auch ein Camper auf dem Hof und m\u00f6chte viel bewegt werden &#8211; wohin, kann hier &#8222;erfahren&#8220; werden.<\/p>\n\n\n\n<h2 class=\"wp-block-heading\">Reisen 2025<\/h2>\n\n\n\n<p><\/p>\n\n\n\n<ul class=\"wp-block-list\">\n<li><a href=\"https:\/\/schmackofaz.de\/?p=3165\">Montenegro<\/a><\/li>\n\n\n\n<li><a href=\"https:\/\/schmackofaz.de\/?p=3147\">Campertrip Fort Everdingen (NL)<\/a><\/li>\n\n\n\n<li><a href=\"https:\/\/schmackofaz.de\/?p=3123\">Jachthafen Neuhaus an der Oste mit dem Campervan<\/a> <\/li>\n\n\n\n<li><a href=\"https:\/\/schmackofaz.de\/?p=3051\" data-type=\"post\" data-id=\"3051\">Palumpa Land mit dem Campervan<\/a><\/li>\n\n\n\n<li><a href=\"https:\/\/schmackofaz.de\/?p=3645\">Camperurlaub Iseo-See und Bergamo<\/a><\/li>\n<\/ul>\n\n\n\n<h2 class=\"wp-block-heading\">Reisen 2024<\/h2>\n\n\n\n<ul class=\"wp-block-list\">\n<li><a href=\"https:\/\/schmackofaz.de\/?cat=531\">Italien mal \u00fcber den Jahreswechsel: Venetien<\/a><\/li>\n\n\n\n<li><a href=\"https:\/\/schmackofaz.de\/?cat=532\">Sardinien &amp; Genua: Die Barbagia und La Superba<\/a><\/li>\n<\/ul>\n\n\n\n<h2 class=\"wp-block-heading\">Reisen 2023<\/h2>\n\n\n\n<ul class=\"wp-block-list\">\n<li><a href=\"https:\/\/schmackofaz.de\/?cat=533\">Im Hinterland der Cinque Terre<\/a><\/li>\n\n\n\n<li><a href=\"https:\/\/schmackofaz.de\/?cat=534\">Albanien &#8211; ein Abenteuer in drei Etappen<\/a><\/li>\n<\/ul>\n\n\n\n<h2 class=\"wp-block-heading\">Reisen 2022<\/h2>\n\n\n\n<ul class=\"wp-block-list\">\n<li><a href=\"https:\/\/schmackofaz.de\/?cat=535\">Oberitalienische Seen: Gardasee<\/a><\/li>\n\n\n\n<li><a href=\"https:\/\/schmackofaz.de\/?cat=536\">Sardinien &#8211; der Westen<\/a><\/li>\n<\/ul>\n","protected":false},"excerpt":{"rendered":"<p>&#8230; bildet, er\u00f6ffnet neue Horizonte, ist eine Bereicherung. Dies gilt nat\u00fcrlich auch f\u00fcrs Kulinarische, aber auch das Erkunden von Landschaft, von Gewohnheiten der &#8222;Ureinwohner&#8220; und &hellip;<\/p>\n","protected":false},"author":1,"featured_media":2980,"parent":0,"menu_order":0,"comment_status":"closed","ping_status":"closed","template":"","meta":{"footnotes":""},"class_list":["post-2960","page","type-page","status-publish","has-post-thumbnail","hentry"],"_links":{"self":[{"href":"https:\/\/schmackofaz.de\/index.php?rest_route=\/wp\/v2\/pages\/2960","targetHints":{"allow":["GET"]}}],"collection":[{"href":"https:\/\/schmackofaz.de\/index.php?rest_route=\/wp\/v2\/pages"}],"about":[{"href":"https:\/\/schmackofaz.de\/index.php?rest_route=\/wp\/v2\/types\/page"}],"author":[{"embeddable":true,"href":"https:\/\/schmackofaz.de\/index.php?rest_route=\/wp\/v2\/users\/1"}],"replies":[{"embeddable":true,"href":"https:\/\/schmackofaz.de\/index.php?rest_route=%2Fwp%2Fv2%2Fcomments&post=2960"}],"version-history":[{"count":6,"href":"https:\/\/schmackofaz.de\/index.php?rest_route=\/wp\/v2\/pages\/2960\/revisions"}],"predecessor-version":[{"id":3673,"href":"https:\/\/schmackofaz.de\/index.php?rest_route=\/wp\/v2\/pages\/2960\/revisions\/3673"}],"wp:featuredmedia":[{"embeddable":true,"href":"https:\/\/schmackofaz.de\/index.php?rest_route=\/wp\/v2\/media\/2980"}],"wp:attachment":[{"href":"https:\/\/schmackofaz.de\/index.php?rest_route=%2Fwp%2Fv2%2Fmedia&parent=2960"}],"curies":[{"name":"wp","href":"https:\/\/api.w.org\/{rel}","templated":true}]}}